{"id":47,"date":"2021-03-10T15:57:45","date_gmt":"2021-03-10T14:57:45","guid":{"rendered":"http:\/\/jdav.neu.alpenverein-bayreuth.de\/?page_id=47"},"modified":"2025-09-19T13:28:45","modified_gmt":"2025-09-19T11:28:45","slug":"pandaandawanda","status":"publish","type":"page","link":"https:\/\/jdav-bayreuth.de\/?page_id=47","title":{"rendered":"Koalas"},"content":{"rendered":"\n<p><strong>Altersgruppe: 9-12 Jahre<\/strong><\/p>\n\n\n\n<p>Programminhalte:<\/p>\n\n\n\n<ul class=\"wp-block-list\">\n<li>wir treffen uns 1x w\u00f6chentlich im Kletterzentrum. <\/li>\n<\/ul>\n\n\n\n<div class=\"wp-block-group\"><div class=\"wp-block-group__inner-container is-layout-constrained wp-block-group-is-layout-constrained\">\n<p><strong>Jugendleitende:<\/strong><\/p>\n\n\n\n<p>Katrin Sch\u00f6nhofer<br>Elena G\u00f6b<br>Anna Sophie Grundmeier<br><\/p>\n<\/div><\/div>\n\n\n\n<div class=\"wp-block-columns is-layout-flex wp-container-core-columns-is-layout-9d6595d7 wp-block-columns-is-layout-flex\">\n<div class=\"wp-block-column is-layout-flow wp-block-column-is-layout-flow\" style=\"flex-basis:100%\">\n<div class=\"wp-block-group\"><div class=\"wp-block-group__inner-container is-layout-flow wp-block-group-is-layout-flow\">\n<div class=\"wp-block-group\"><div class=\"wp-block-group__inner-container is-layout-flow wp-block-group-is-layout-flow\">\n<div class=\"wp-block-columns is-layout-flex wp-container-core-columns-is-layout-9d6595d7 wp-block-columns-is-layout-flex\">\n<div class=\"wp-block-column is-layout-flow wp-block-column-is-layout-flow\" style=\"flex-basis:100%\">\n<div class=\"wp-block-columns is-layout-flex wp-container-core-columns-is-layout-9d6595d7 wp-block-columns-is-layout-flex\">\n<div class=\"wp-block-column is-vertically-aligned-center is-layout-flow wp-block-column-is-layout-flow\" style=\"flex-basis:33.34%\"><div class=\"wp-block-image is-resized\">\n<figure class=\"alignleft size-medium\"><img loading=\"lazy\" decoding=\"async\" width=\"300\" height=\"169\" src=\"http:\/\/jdav.neu.alpenverein-bayreuth.de\/wp-content\/uploads\/2021\/03\/DSC_0777-300x169.jpg\" alt=\"\" class=\"wp-image-249\" srcset=\"https:\/\/jdav-bayreuth.de\/wp-content\/uploads\/2021\/03\/DSC_0777-300x169.jpg 300w, https:\/\/jdav-bayreuth.de\/wp-content\/uploads\/2021\/03\/DSC_0777-1024x576.jpg 1024w, https:\/\/jdav-bayreuth.de\/wp-content\/uploads\/2021\/03\/DSC_0777-768x432.jpg 768w, https:\/\/jdav-bayreuth.de\/wp-content\/uploads\/2021\/03\/DSC_0777-1536x864.jpg 1536w, https:\/\/jdav-bayreuth.de\/wp-content\/uploads\/2021\/03\/DSC_0777-2048x1152.jpg 2048w\" sizes=\"auto, (max-width: 300px) 100vw, 300px\" \/><figcaption class=\"wp-element-caption\">Ausblick vom Nu\u00dfhardt, Fichtelgebirge<\/figcaption><\/figure>\n<\/div><\/div>\n\n\n\n<div class=\"wp-block-column is-layout-flow wp-block-column-is-layout-flow\" style=\"flex-basis:33.34%\">\n<p><\/p>\n<\/div>\n\n\n\n<div class=\"wp-block-column is-layout-flow wp-block-column-is-layout-flow\" style=\"flex-basis:33.33%\">\n<figure class=\"wp-block-image size-large\"><img loading=\"lazy\" decoding=\"async\" width=\"768\" height=\"1024\" src=\"http:\/\/jdav.neu.alpenverein-bayreuth.de\/wp-content\/uploads\/2021\/08\/image2-768x1024.png\" alt=\"\" class=\"wp-image-476\" srcset=\"https:\/\/jdav-bayreuth.de\/wp-content\/uploads\/2021\/08\/image2-768x1024.png 768w, https:\/\/jdav-bayreuth.de\/wp-content\/uploads\/2021\/08\/image2-225x300.png 225w, https:\/\/jdav-bayreuth.de\/wp-content\/uploads\/2021\/08\/image2-1152x1536.png 1152w, https:\/\/jdav-bayreuth.de\/wp-content\/uploads\/2021\/08\/image2.png 1537w\" sizes=\"auto, (max-width: 767px) 89vw, (max-width: 1000px) 54vw, (max-width: 1071px) 543px, 580px\" \/><figcaption class=\"wp-element-caption\">Klettern am Wei\u00dfenstein, Fr\u00e4nkische Schweiz<\/figcaption><\/figure>\n<\/div>\n<\/div>\n<\/div>\n<\/div>\n\n\n<div class=\"wp-block-image is-resized\">\n<figure class=\"aligncenter size-large\"><img loading=\"lazy\" decoding=\"async\" width=\"1024\" height=\"576\" src=\"http:\/\/jdav.neu.alpenverein-bayreuth.de\/wp-content\/uploads\/2021\/03\/DSC_1013-1024x576.jpg\" alt=\"\" class=\"wp-image-245\" srcset=\"https:\/\/jdav-bayreuth.de\/wp-content\/uploads\/2021\/03\/DSC_1013-1024x576.jpg 1024w, https:\/\/jdav-bayreuth.de\/wp-content\/uploads\/2021\/03\/DSC_1013-300x169.jpg 300w, https:\/\/jdav-bayreuth.de\/wp-content\/uploads\/2021\/03\/DSC_1013-768x432.jpg 768w, https:\/\/jdav-bayreuth.de\/wp-content\/uploads\/2021\/03\/DSC_1013-1536x864.jpg 1536w, https:\/\/jdav-bayreuth.de\/wp-content\/uploads\/2021\/03\/DSC_1013-2048x1152.jpg 2048w\" sizes=\"auto, (max-width: 767px) 89vw, (max-width: 1000px) 54vw, (max-width: 1071px) 543px, 580px\" \/><figcaption class=\"wp-element-caption\">Kletterpaddeln auf dem Regen, Bayerischer Wald<\/figcaption><\/figure>\n<\/div><\/div><\/div>\n<\/div><\/div>\n\n\n\n<div class=\"wp-block-columns is-layout-flex wp-container-core-columns-is-layout-9d6595d7 wp-block-columns-is-layout-flex\">\n<div class=\"wp-block-column is-layout-flow wp-block-column-is-layout-flow\" style=\"flex-basis:33.34%\">\n<div class=\"wp-block-group\"><div class=\"wp-block-group__inner-container is-layout-flow wp-block-group-is-layout-flow\"><div class=\"wp-block-image is-resized\">\n<figure class=\"alignright size-large\"><img loading=\"lazy\" decoding=\"async\" width=\"576\" height=\"1024\" src=\"http:\/\/jdav.neu.alpenverein-bayreuth.de\/wp-content\/uploads\/2021\/03\/DSC_0813-1-576x1024.jpg\" alt=\"\" class=\"wp-image-252\" srcset=\"https:\/\/jdav-bayreuth.de\/wp-content\/uploads\/2021\/03\/DSC_0813-1-576x1024.jpg 576w, https:\/\/jdav-bayreuth.de\/wp-content\/uploads\/2021\/03\/DSC_0813-1-169x300.jpg 169w, https:\/\/jdav-bayreuth.de\/wp-content\/uploads\/2021\/03\/DSC_0813-1-768x1365.jpg 768w, https:\/\/jdav-bayreuth.de\/wp-content\/uploads\/2021\/03\/DSC_0813-1-864x1536.jpg 864w, https:\/\/jdav-bayreuth.de\/wp-content\/uploads\/2021\/03\/DSC_0813-1-1152x2048.jpg 1152w, https:\/\/jdav-bayreuth.de\/wp-content\/uploads\/2021\/03\/DSC_0813-1-scaled.jpg 1440w\" sizes=\"auto, (max-width: 576px) 100vw, 576px\" \/><figcaption class=\"wp-element-caption\">Klettersteig H\u00f6hengl\u00fcckssteig,<br>Fr\u00e4nkische Schweiz<\/figcaption><\/figure>\n<\/div><\/div><\/div>\n<\/div>\n\n\n\n<div class=\"wp-block-column is-layout-flow wp-block-column-is-layout-flow\" style=\"flex-basis:33.34%\">\n<p><\/p>\n<\/div>\n\n\n\n<div class=\"wp-block-column is-layout-flow wp-block-column-is-layout-flow\" style=\"flex-basis:33.33%\">\n<figure class=\"wp-block-image size-large is-resized\"><img loading=\"lazy\" decoding=\"async\" width=\"768\" height=\"1024\" src=\"http:\/\/jdav.neu.alpenverein-bayreuth.de\/wp-content\/uploads\/2021\/08\/FF7A12B8-F0D7-47FF-9F04-88F855703CDA-768x1024.jpg\" alt=\"\" class=\"wp-image-470\" srcset=\"https:\/\/jdav-bayreuth.de\/wp-content\/uploads\/2021\/08\/FF7A12B8-F0D7-47FF-9F04-88F855703CDA-768x1024.jpg 768w, https:\/\/jdav-bayreuth.de\/wp-content\/uploads\/2021\/08\/FF7A12B8-F0D7-47FF-9F04-88F855703CDA-225x300.jpg 225w, https:\/\/jdav-bayreuth.de\/wp-content\/uploads\/2021\/08\/FF7A12B8-F0D7-47FF-9F04-88F855703CDA-1152x1536.jpg 1152w, https:\/\/jdav-bayreuth.de\/wp-content\/uploads\/2021\/08\/FF7A12B8-F0D7-47FF-9F04-88F855703CDA.jpg 1537w\" sizes=\"auto, (max-width: 767px) 89vw, (max-width: 1000px) 54vw, (max-width: 1071px) 543px, 580px\" \/><figcaption class=\"wp-element-caption\">Klettern am Torstein, <br>Fr\u00e4nkische Schweiz<\/figcaption><\/figure>\n<\/div>\n<\/div>\n<\/div>\n<\/div>\n\n\n\n<p><\/p>\n","protected":false},"excerpt":{"rendered":"<p>Altersgruppe: 9-12 Jahre Programminhalte: Jugendleitende: Katrin Sch\u00f6nhoferElena G\u00f6bAnna Sophie Grundmeier<\/p>\n","protected":false},"author":2,"featured_media":0,"parent":0,"menu_order":0,"comment_status":"closed","ping_status":"closed","template":"","meta":{"footnotes":""},"class_list":["post-47","page","type-page","status-publish","hentry"],"_links":{"self":[{"href":"https:\/\/jdav-bayreuth.de\/index.php?rest_route=\/wp\/v2\/pages\/47","targetHints":{"allow":["GET"]}}],"collection":[{"href":"https:\/\/jdav-bayreuth.de\/index.php?rest_route=\/wp\/v2\/pages"}],"about":[{"href":"https:\/\/jdav-bayreuth.de\/index.php?rest_route=\/wp\/v2\/types\/page"}],"author":[{"embeddable":true,"href":"https:\/\/jdav-bayreuth.de\/index.php?rest_route=\/wp\/v2\/users\/2"}],"replies":[{"embeddable":true,"href":"https:\/\/jdav-bayreuth.de\/index.php?rest_route=%2Fwp%2Fv2%2Fcomments&post=47"}],"version-history":[{"count":19,"href":"https:\/\/jdav-bayreuth.de\/index.php?rest_route=\/wp\/v2\/pages\/47\/revisions"}],"predecessor-version":[{"id":802,"href":"https:\/\/jdav-bayreuth.de\/index.php?rest_route=\/wp\/v2\/pages\/47\/revisions\/802"}],"wp:attachment":[{"href":"https:\/\/jdav-bayreuth.de\/index.php?rest_route=%2Fwp%2Fv2%2Fmedia&parent=47"}],"curies":[{"name":"wp","href":"https:\/\/api.w.org\/{rel}","templated":true}]}}