{"id":45,"date":"2021-03-10T15:57:45","date_gmt":"2021-03-10T14:57:45","guid":{"rendered":"http:\/\/jdav.neu.alpenverein-bayreuth.de\/?page_id=45"},"modified":"2022-01-27T11:51:30","modified_gmt":"2022-01-27T10:51:30","slug":"gruppen","status":"publish","type":"page","link":"https:\/\/jdav-bayreuth.de\/?page_id=45","title":{"rendered":"Gruppen"},"content":{"rendered":"\n<p>Wir, der jdav Bayreuth, haben drei Kinder- und Jugendgruppen, sowie eine \u00dc18 Gruppe f\u00fcr alle Junggebliebenen bis 27.<br>Dabei liegt zwar bei allen der Schwerpunkt auf Klettern und Bouldern, was auch w\u00f6chentlich in den Gruppenstunden betrieben wird.<br>Aber wir probieren auch immer gern andere Spielarten aus, wie Mountainbiken, H\u00f6hlentouren, Klettersteige, Kanufahren, Wandern, Schlittenfahren und \u00e4hnliches.<\/p>\n\n\n\n<p>Von Zeit zu Zeit planen wir auch gruppen\u00fcbergreifende Ausfl\u00fcge und Freizeiten.<\/p>\n\n\n\n<p>Bei Interesse bitte bei Mathias anfragen; wir haben leider in fast allen Gruppen eine recht lange Warteliste&#8230; <\/p>\n\n\n\n<p><\/p>\n","protected":false},"excerpt":{"rendered":"<p>Wir, der jdav Bayreuth, haben drei Kinder- und Jugendgruppen, sowie eine \u00dc18 Gruppe f\u00fcr alle Junggebliebenen bis 27.Dabei liegt zwar bei allen der Schwerpunkt auf Klettern und Bouldern, was auch w\u00f6chentlich in den Gruppenstunden betrieben wird.Aber wir probieren auch immer gern andere Spielarten aus, wie Mountainbiken, H\u00f6hlentouren, Klettersteige, Kanufahren, Wandern, Schlittenfahren und \u00e4hnliches. Von Zeit &hellip; <\/p>\n<p class=\"link-more\"><a href=\"https:\/\/jdav-bayreuth.de\/?page_id=45\" class=\"more-link\"><span class=\"screen-reader-text\">\u201eGruppen\u201c <\/span>weiterlesen<\/a><\/p>\n","protected":false},"author":2,"featured_media":0,"parent":0,"menu_order":0,"comment_status":"closed","ping_status":"closed","template":"","meta":{"footnotes":""},"class_list":["post-45","page","type-page","status-publish","hentry"],"_links":{"self":[{"href":"https:\/\/jdav-bayreuth.de\/index.php?rest_route=\/wp\/v2\/pages\/45","targetHints":{"allow":["GET"]}}],"collection":[{"href":"https:\/\/jdav-bayreuth.de\/index.php?rest_route=\/wp\/v2\/pages"}],"about":[{"href":"https:\/\/jdav-bayreuth.de\/index.php?rest_route=\/wp\/v2\/types\/page"}],"author":[{"embeddable":true,"href":"https:\/\/jdav-bayreuth.de\/index.php?rest_route=\/wp\/v2\/users\/2"}],"replies":[{"embeddable":true,"href":"https:\/\/jdav-bayreuth.de\/index.php?rest_route=%2Fwp%2Fv2%2Fcomments&post=45"}],"version-history":[{"count":5,"href":"https:\/\/jdav-bayreuth.de\/index.php?rest_route=\/wp\/v2\/pages\/45\/revisions"}],"predecessor-version":[{"id":626,"href":"https:\/\/jdav-bayreuth.de\/index.php?rest_route=\/wp\/v2\/pages\/45\/revisions\/626"}],"wp:attachment":[{"href":"https:\/\/jdav-bayreuth.de\/index.php?rest_route=%2Fwp%2Fv2%2Fmedia&parent=45"}],"curies":[{"name":"wp","href":"https:\/\/api.w.org\/{rel}","templated":true}]}}