{"id":44,"date":"2021-03-10T15:57:45","date_gmt":"2021-03-10T14:57:45","guid":{"rendered":"http:\/\/jdav.neu.alpenverein-bayreuth.de\/?page_id=44"},"modified":"2025-07-01T06:54:29","modified_gmt":"2025-07-01T04:54:29","slug":"aktuelles","status":"publish","type":"page","link":"https:\/\/jdav-bayreuth.de\/","title":{"rendered":"Aktuelles"},"content":{"rendered":"\n<p>Hier gibt&#8216; s immer aktuelle Informationen, was bei uns in den Gruppen gerade geplant ist und was sonst so bei uns in der Jugend los ist. <\/p>\n\n\n\n<figure class=\"wp-block-image size-full\"><img loading=\"lazy\" decoding=\"async\" width=\"154\" height=\"64\" src=\"https:\/\/jdav-bayreuth.de\/wp-content\/uploads\/2025\/07\/JDAV-1.jpg\" alt=\"\" class=\"wp-image-780\"\/><\/figure>\n\n\n\n<p class=\"has-medium-font-size\"><strong>Jugend-Mitgliederversammlung<\/strong><br>Wann: Dienstag, 29.07.2025 17:00 Uhr<br>Wo: DAV-Kletterzentrum<br>Wer: alle Jugendlichen Sektions-Mitglieder bis zum<br>vollendeten 27. Lebensjahr (0-27)<br><\/p>\n\n\n\n<p class=\"has-medium-font-size\">Vorl\u00e4ufige Tagesordnung<\/p>\n\n\n\n<ol class=\"wp-block-list\">\n<li>Begr\u00fc\u00dfung<\/li>\n\n\n\n<li>Genehmigung der Tagesordnung<\/li>\n\n\n\n<li>Berichte aus der Jugendarbeit<\/li>\n\n\n\n<li>Neues Kommunikationsmedium in den Gruppen<\/li>\n\n\n\n<li>W\u00fcnsche und Antr\u00e4ge<br>Im Anschluss an die Versammlung wird es ein kleines gemeinsames Programm geben. Was genauge plant ist, erfahrt ihr rechtzeitig vor dem Versammlungstermin in euren Gruppen. <strong>Minderj\u00e4hrige Mitglieder ben\u00f6tigen eine formlose Einverst\u00e4ndniserkl\u00e4rung des\/der Erziehungsberechtigten.<br>Bitte bringt euren Mitgliedsausweis der DAV-Sektion Bayreuth mit.<\/strong><br>Antr\u00e4ge, die bis sp\u00e4testens eine Woche vor der Versammlung schriftlich bei dem Jugendreferent<br>eingehen, werden auf die Tagesordnung gesetzt.<br>Bei Fragen ist der Jugendreferent Mathias Schliwa der passende Ansprechpartner:<br><a href=\"mailto:mathias.schliwa@alpenverein-bayreuth.de\">mathias.schliwa@alpenverein-bayreuth.de<\/a><br>Wir freuen uns auf deine Teilnahme<br>Mathias Schliwa<br>Jugendreferent<br>Hier findest du eine Einverst\u00e4ndniserkl\u00e4rung<br><br><\/li>\n<\/ol>\n\n\n\n<div data-wp-interactive=\"core\/file\" class=\"wp-block-file\"><object data-wp-bind--hidden=\"!state.hasPdfPreview\" hidden class=\"wp-block-file__embed\" data=\"https:\/\/jdav-bayreuth.de\/wp-content\/uploads\/2025\/07\/Einverstaendniserklaerung-1.pdf\" type=\"application\/pdf\" style=\"width:100%;height:600px\" aria-label=\"Einbettung von Einverst\u00e4ndniserkl\u00e4rung.\"><\/object><a id=\"wp-block-file--media-3f324918-fe33-4c24-9e0d-bd8e7c975777\" href=\"https:\/\/jdav-bayreuth.de\/wp-content\/uploads\/2025\/07\/Einverstaendniserklaerung-1.pdf\">Einverst\u00e4ndniserkl\u00e4rung<\/a><a href=\"https:\/\/jdav-bayreuth.de\/wp-content\/uploads\/2025\/07\/Einverstaendniserklaerung-1.pdf\" class=\"wp-block-file__button wp-element-button\" download aria-describedby=\"wp-block-file--media-3f324918-fe33-4c24-9e0d-bd8e7c975777\">Herunterladen<\/a><\/div>\n\n\n\n<div data-wp-interactive=\"core\/file\" class=\"wp-block-file\"><object data-wp-bind--hidden=\"!state.hasPdfPreview\" hidden class=\"wp-block-file__embed\" data=\"https:\/\/jdav-bayreuth.de\/wp-content\/uploads\/2025\/07\/Einladung-JMV-Aushang-1.pdf\" type=\"application\/pdf\" style=\"width:100%;height:600px\" aria-label=\"Einbettung von Einladung JMV Aushang.\"><\/object><a id=\"wp-block-file--media-b6d2ae2e-04c4-4923-b1de-42537b0ac7aa\" href=\"https:\/\/jdav-bayreuth.de\/wp-content\/uploads\/2025\/07\/Einladung-JMV-Aushang-1.pdf\">Einladung JMV Aushang<\/a><a href=\"https:\/\/jdav-bayreuth.de\/wp-content\/uploads\/2025\/07\/Einladung-JMV-Aushang-1.pdf\" class=\"wp-block-file__button wp-element-button\" download aria-describedby=\"wp-block-file--media-b6d2ae2e-04c4-4923-b1de-42537b0ac7aa\">Herunterladen<\/a><\/div>\n","protected":false},"excerpt":{"rendered":"<p>Hier gibt&#8216; s immer aktuelle Informationen, was bei uns in den Gruppen gerade geplant ist und was sonst so bei uns in der Jugend los ist. Jugend-MitgliederversammlungWann: Dienstag, 29.07.2025 17:00 UhrWo: DAV-KletterzentrumWer: alle Jugendlichen Sektions-Mitglieder bis zumvollendeten 27. Lebensjahr (0-27) Vorl\u00e4ufige Tagesordnung<\/p>\n","protected":false},"author":2,"featured_media":189,"parent":0,"menu_order":0,"comment_status":"closed","ping_status":"closed","template":"","meta":{"footnotes":""},"class_list":["post-44","page","type-page","status-publish","has-post-thumbnail","hentry"],"_links":{"self":[{"href":"https:\/\/jdav-bayreuth.de\/index.php?rest_route=\/wp\/v2\/pages\/44","targetHints":{"allow":["GET"]}}],"collection":[{"href":"https:\/\/jdav-bayreuth.de\/index.php?rest_route=\/wp\/v2\/pages"}],"about":[{"href":"https:\/\/jdav-bayreuth.de\/index.php?rest_route=\/wp\/v2\/types\/page"}],"author":[{"embeddable":true,"href":"https:\/\/jdav-bayreuth.de\/index.php?rest_route=\/wp\/v2\/users\/2"}],"replies":[{"embeddable":true,"href":"https:\/\/jdav-bayreuth.de\/index.php?rest_route=%2Fwp%2Fv2%2Fcomments&post=44"}],"version-history":[{"count":6,"href":"https:\/\/jdav-bayreuth.de\/index.php?rest_route=\/wp\/v2\/pages\/44\/revisions"}],"predecessor-version":[{"id":787,"href":"https:\/\/jdav-bayreuth.de\/index.php?rest_route=\/wp\/v2\/pages\/44\/revisions\/787"}],"wp:featuredmedia":[{"embeddable":true,"href":"https:\/\/jdav-bayreuth.de\/index.php?rest_route=\/wp\/v2\/media\/189"}],"wp:attachment":[{"href":"https:\/\/jdav-bayreuth.de\/index.php?rest_route=%2Fwp%2Fv2%2Fmedia&parent=44"}],"curies":[{"name":"wp","href":"https:\/\/api.w.org\/{rel}","templated":true}]}}