{"id":10,"date":"2020-09-16T00:16:49","date_gmt":"2020-09-15T22:16:49","guid":{"rendered":"http:\/\/jdav.neu.alpenverein-bayreuth.de\/?page_id=10"},"modified":"2021-09-03T10:18:04","modified_gmt":"2021-09-03T08:18:04","slug":"kontakt","status":"publish","type":"page","link":"https:\/\/jdav-bayreuth.de\/?page_id=10","title":{"rendered":"Kontakt"},"content":{"rendered":"\n<p><strong>Mathias Schliwa\/ Jugendreferent<\/strong><br>Tel. 09208 329 oder 0172 7559028<br><a href=\"mailto:mathias.schliwa@alpenverein-bayreuth.de\" data-type=\"mailto\" data-id=\"mailto:mathias.schliwa@alpenverein-bayreuth.de\"><span class=\"has-inline-color has-luminous-vivid-orange-color\">Mail an Mathias<\/span><\/a><\/p>\n\n\n\n<p>F\u00fcr Anfragen bez\u00fcglich der Jugendgruppen bitte an Mathias schreiben.<\/p>\n\n\n\n<p>F\u00fcr Organisation innerhalb der Gruppen und bei Ausfl\u00fcgen:<br> <a href=\"mailto:jdav_bayreuth@web.de\"><span class=\"has-inline-color has-luminous-vivid-orange-color\">jdav_bayreuth@web.de<\/span><\/a><\/p>\n\n\n\n<p><\/p>\n\n\n\n<p><\/p>\n","protected":false},"excerpt":{"rendered":"<p>Mathias Schliwa\/ JugendreferentTel. 09208 329 oder 0172 7559028Mail an Mathias F\u00fcr Anfragen bez\u00fcglich der Jugendgruppen bitte an Mathias schreiben. F\u00fcr Organisation innerhalb der Gruppen und bei Ausfl\u00fcgen: jdav_bayreuth@web.de<\/p>\n","protected":false},"author":1,"featured_media":194,"parent":0,"menu_order":0,"comment_status":"closed","ping_status":"closed","template":"","meta":{"footnotes":""},"class_list":["post-10","page","type-page","status-publish","has-post-thumbnail","hentry"],"_links":{"self":[{"href":"https:\/\/jdav-bayreuth.de\/index.php?rest_route=\/wp\/v2\/pages\/10","targetHints":{"allow":["GET"]}}],"collection":[{"href":"https:\/\/jdav-bayreuth.de\/index.php?rest_route=\/wp\/v2\/pages"}],"about":[{"href":"https:\/\/jdav-bayreuth.de\/index.php?rest_route=\/wp\/v2\/types\/page"}],"author":[{"embeddable":true,"href":"https:\/\/jdav-bayreuth.de\/index.php?rest_route=\/wp\/v2\/users\/1"}],"replies":[{"embeddable":true,"href":"https:\/\/jdav-bayreuth.de\/index.php?rest_route=%2Fwp%2Fv2%2Fcomments&post=10"}],"version-history":[{"count":7,"href":"https:\/\/jdav-bayreuth.de\/index.php?rest_route=\/wp\/v2\/pages\/10\/revisions"}],"predecessor-version":[{"id":522,"href":"https:\/\/jdav-bayreuth.de\/index.php?rest_route=\/wp\/v2\/pages\/10\/revisions\/522"}],"wp:featuredmedia":[{"embeddable":true,"href":"https:\/\/jdav-bayreuth.de\/index.php?rest_route=\/wp\/v2\/media\/194"}],"wp:attachment":[{"href":"https:\/\/jdav-bayreuth.de\/index.php?rest_route=%2Fwp%2Fv2%2Fmedia&parent=10"}],"curies":[{"name":"wp","href":"https:\/\/api.w.org\/{rel}","templated":true}]}}